{"id":12960,"date":"2019-09-09T23:45:21","date_gmt":"2019-09-10T02:45:21","guid":{"rendered":"http:\/\/olympuscf.com.br\/?page_id=12960"},"modified":"2022-02-24T18:08:49","modified_gmt":"2022-02-24T21:08:49","slug":"nutricionista","status":"publish","type":"page","link":"https:\/\/olympuscf.com.br\/index.php\/nutricionista\/","title":{"rendered":"Nutricionista"},"content":{"rendered":"<p><div class=\"fusion-fullwidth fullwidth-box nonhundred-percent-fullwidth non-hundred-percent-height-scrolling\"  style='background-color: rgba(255,255,255,0);background-position: center center;background-repeat: no-repeat;padding-top:0px;padding-right:0px;padding-bottom:0px;padding-left:0px;'><div class=\"fusion-builder-row fusion-row \"><div  class=\"fusion-layout-column fusion_builder_column fusion_builder_column_1_1 fusion-builder-column-1 fusion-one-full fusion-column-first fusion-column-last 1_1\"  style='margin-top:15px;margin-bottom:15px;'>\n\t\t\t\t\t<div class=\"fusion-column-wrapper\" style=\"padding: 0px 0px 0px 0px;background-position:left top;background-repeat:no-repeat;-webkit-background-size:cover;-moz-background-size:cover;-o-background-size:cover;background-size:cover;\"   data-bg-url=\"\">\n\t\t\t\t\t\t<div class=\"fusion-sep-clear\"><\/div><div class=\"fusion-separator fusion-full-width-sep sep-none\" style=\"margin-left: auto;margin-right: auto;margin-top:35px;\"><\/div><style type='text\/css'>.reading-box-container-1 .element-bottomshadow:before,.reading-box-container-1 .element-bottomshadow:after{opacity:0.70;}<\/style><div class=\"fusion-reading-box-container reading-box-container-1\" style=\"margin-top:34px;margin-bottom:84px;\"><div class=\"reading-box\" style=\"background-color:#ffffff;border-width:0px;border-color:#dbe2ea;border-style:solid;\"><h2>Nutricionistas<\/h2><div class=\"reading-box-description fusion-reading-box-additional\">Profissional que possui conhecimentos e habilidades sobre a composi\u00e7\u00e3o de nutrientes dos alimentos, avalia o estado nutricional do paciente e desenvolve e organiza planos de alimenta\u00e7\u00e3o e dietas para melhorar a sa\u00fade.\nO nutricionista esportivo deve conhecer o tipo de treinamento que o esportista est\u00e1 realizando para s\u00f3 assim organizar a dieta, respeitando as condi\u00e7\u00f5es e rotina de cada um.\nTemos uma equipe de profissionais altamente capacitados para que nossos alunos alinhem a pr\u00e1tica de atividades f\u00edsicas e uma alimenta\u00e7\u00e3o adequada.\nMarcos Lopes e Tiago Bizarello est\u00e3o sempre a postos para te orientar.\n\nAgende sua consulta!<\/div><div class=\"fusion-clearfix\"><\/div><\/div><\/div><div class=\"fusion-clearfix\"><\/div>\n\n\t\t\t\t\t<\/div>\n\t\t\t\t<\/div><\/div><\/div><div class=\"fusion-fullwidth fullwidth-box nonhundred-percent-fullwidth non-hundred-percent-height-scrolling\"  style='background-color: #f7f7f7;background-position: center center;background-repeat: no-repeat;padding-top:0px;padding-right:0px;padding-bottom:0px;padding-left:0px;margin-bottom: 0px;margin-top: 0px;'><div class=\"fusion-builder-row fusion-row \"><div  class=\"fusion-layout-column fusion_builder_column fusion_builder_column_1_1 fusion-builder-column-2 fusion-one-full fusion-column-first fusion-column-last fusion-column-no-min-height 1_1\"  style='margin-top:0px;margin-bottom:0px;'>\n\t\t\t\t\t<div class=\"fusion-column-wrapper\" style=\"padding: 0px 0px 0px 0px;background-position:left top;background-repeat:no-repeat;-webkit-background-size:cover;-moz-background-size:cover;-o-background-size:cover;background-size:cover;\"   data-bg-url=\"\">\n\t\t\t\t\t\t<div class=\"fusion-sep-clear\"><\/div><div class=\"fusion-separator fusion-full-width-sep sep-none\" style=\"margin-left: auto;margin-right: auto;margin-top:35px;\"><\/div><div class=\"fusion-clearfix\"><\/div>\n\n\t\t\t\t\t<\/div>\n\t\t\t\t<\/div><div  class=\"fusion-layout-column fusion_builder_column fusion_builder_column_1_2 fusion-builder-column-3 fusion-one-half fusion-column-first 1_2\"  style='margin-top:0px;margin-bottom:0px;'>\n\t\t\t\t\t<div class=\"fusion-column-wrapper\" style=\"padding: 0px 0px 0px 0px;background-position:left top;background-repeat:no-repeat;-webkit-background-size:cover;-moz-background-size:cover;-o-background-size:cover;background-size:cover;\"   data-bg-url=\"\">\n\t\t\t\t\t\t<div class=\"imageframe-align-center\"><span class=\"fusion-imageframe imageframe-none imageframe-1 hover-type-none\"><img loading=\"lazy\" decoding=\"async\" src=\"http:\/\/olympuscf.com.br\/wp-content\/uploads\/2022\/02\/Fisio_marcos.png\" width=\"309\" height=\"388\" alt=\"\" title=\"Nutri_perfilnutri_priscila\" class=\"img-responsive wp-image-13624\"\/><\/span><\/div><div class=\"fusion-clearfix\"><\/div>\n\n\t\t\t\t\t<\/div>\n\t\t\t\t<\/div><div  class=\"fusion-layout-column fusion_builder_column fusion_builder_column_1_2 fusion-builder-column-4 fusion-one-half fusion-column-last 1_2\"  style='margin-top:0px;margin-bottom:0px;width:48%'>\n\t\t\t\t\t<div class=\"fusion-column-wrapper\" style=\"padding: 40px 0px 0px 0px;background-position:left top;background-repeat:no-repeat;-webkit-background-size:cover;-moz-background-size:cover;-o-background-size:cover;background-size:cover;\"   data-bg-url=\"\">\n\t\t\t\t\t\t<div class=\"fusion-title title fusion-title-1 sep-underline sep-solid fusion-title-size-two\" style=\"border-bottom-color:#dbe2ea;margin-top:15px;margin-bottom:15px;\"><h2 class=\"title-heading-left\" style=\"margin:0;\">Marcos Lopes<\/h2><\/div><div class=\"fusion-text\"><p>XXXX.<\/p>\n<\/div><div class=\"fusion-sep-clear\"><\/div><div class=\"fusion-separator fusion-full-width-sep sep-single sep-solid\" style=\"border-color:#dbe2ea;border-top-width:1px;margin-left: auto;margin-right: auto;margin-top:10px;margin-bottom:20px;\"><\/div><div class=\"fusion-button-wrapper\"><style type=\"text\/css\">.fusion-button.button-1 .fusion-button-text, .fusion-button.button-1 i {color:#f7f8f8;}.fusion-button.button-1 .fusion-button-icon-divider{border-color:#f7f8f8;}.fusion-button.button-1:hover .fusion-button-text, .fusion-button.button-1:hover i,.fusion-button.button-1:focus .fusion-button-text, .fusion-button.button-1:focus i,.fusion-button.button-1:active .fusion-button-text, .fusion-button.button-1:active{color:#f7f8f8;}.fusion-button.button-1:hover .fusion-button-icon-divider, .fusion-button.button-1:hover .fusion-button-icon-divider, .fusion-button.button-1:active .fusion-button-icon-divider{border-color:#f7f8f8;}.fusion-button.button-1:hover, .fusion-button.button-1:focus, .fusion-button.button-1:active{border-color:#f7f8f8;}.fusion-button.button-1 {border-color:#f7f8f8;}.fusion-button.button-1{background: #30b460;}.fusion-button.button-1:hover,.button-1:focus,.fusion-button.button-1:active{background: #46bcbc;}<\/style><a class=\"fusion-button button-flat fusion-button-default-shape fusion-button-default-size button-custom button-1 fusion-button-default-span fusion-button-default-type\" target=\"_blank\" rel=\"noopener noreferrer\" href=\"https:\/\/api.whatsapp.com\/send?phone=5521980132100\"><i class=\"fa-whatsapp fab button-icon-left\"><\/i><span class=\"fusion-button-text\">AGENDE PELO WHATSAPP<\/span><\/a><\/div><div class=\"fusion-clearfix\"><\/div>\n\n\t\t\t\t\t<\/div>\n\t\t\t\t<\/div><\/div><\/div><div class=\"fusion-fullwidth fullwidth-box hundred-percent-fullwidth non-hundred-percent-height-scrolling\"  style='background-color: rgba(255,255,255,0);background-position: center center;background-repeat: no-repeat;padding-top:0px;padding-right:0px;padding-bottom:0px;padding-left:0px;'><div class=\"fusion-builder-row fusion-row \"><div  class=\"fusion-layout-column fusion_builder_column fusion_builder_column_1_1 fusion-builder-column-5 fusion-one-full fusion-column-first fusion-column-last 1_1\"  style='margin-top:15px;margin-bottom:15px;'>\n\t\t\t\t\t<div class=\"fusion-column-wrapper\" style=\"padding: 0px 0px 0px 0px;background-position:left top;background-repeat:no-repeat;-webkit-background-size:cover;-moz-background-size:cover;-o-background-size:cover;background-size:cover;\"   data-bg-url=\"\">\n\t\t\t\t\t\t<div class=\"fusion-sep-clear\"><\/div><div class=\"fusion-separator fusion-full-width-sep sep-none\" style=\"margin-left: auto;margin-right: auto;margin-top:25px;\"><\/div><div class=\"fusion-clearfix\"><\/div>\n\n\t\t\t\t\t<\/div>\n\t\t\t\t<\/div><\/div><\/div><div class=\"fusion-fullwidth fullwidth-box nonhundred-percent-fullwidth non-hundred-percent-height-scrolling\"  style='background-color: #f7f7f7;background-position: center center;background-repeat: no-repeat;padding-top:0px;padding-right:0px;padding-bottom:0px;padding-left:0px;margin-bottom: 0px;margin-top: 0px;'><div class=\"fusion-builder-row fusion-row \"><div  class=\"fusion-layout-column fusion_builder_column fusion_builder_column_1_1 fusion-builder-column-6 fusion-one-full fusion-column-first fusion-column-last fusion-column-no-min-height 1_1\"  style='margin-top:0px;margin-bottom:0px;'>\n\t\t\t\t\t<div class=\"fusion-column-wrapper\" style=\"padding: 0px 0px 0px 0px;background-position:left top;background-repeat:no-repeat;-webkit-background-size:cover;-moz-background-size:cover;-o-background-size:cover;background-size:cover;\"   data-bg-url=\"\">\n\t\t\t\t\t\t<div class=\"fusion-sep-clear\"><\/div><div class=\"fusion-separator fusion-full-width-sep sep-none\" style=\"margin-left: auto;margin-right: auto;margin-top:35px;\"><\/div><div class=\"fusion-clearfix\"><\/div>\n\n\t\t\t\t\t<\/div>\n\t\t\t\t<\/div><div  class=\"fusion-layout-column fusion_builder_column fusion_builder_column_1_2 fusion-builder-column-7 fusion-one-half fusion-column-first 1_2\"  style='margin-top:0px;margin-bottom:0px;'>\n\t\t\t\t\t<div class=\"fusion-column-wrapper\" style=\"padding: 0px 0px 0px 0px;background-position:left top;background-repeat:no-repeat;-webkit-background-size:cover;-moz-background-size:cover;-o-background-size:cover;background-size:cover;\"   data-bg-url=\"\">\n\t\t\t\t\t\t<div class=\"imageframe-align-center\"><span class=\"fusion-imageframe imageframe-none imageframe-2 hover-type-none\"><img loading=\"lazy\" decoding=\"async\" src=\"http:\/\/olympuscf.com.br\/wp-content\/uploads\/2019\/09\/Nutri_perfilnutri_thiago.png\" width=\"309\" height=\"388\" alt=\"\" title=\"Nutri_perfilnutri_thiago\" class=\"img-responsive wp-image-13625\" srcset=\"https:\/\/olympuscf.com.br\/wp-content\/uploads\/2019\/09\/Nutri_perfilnutri_thiago-200x251.png 200w, https:\/\/olympuscf.com.br\/wp-content\/uploads\/2019\/09\/Nutri_perfilnutri_thiago.png 309w\" sizes=\"auto, (max-width: 800px) 100vw, 309px\" \/><\/span><\/div><div class=\"fusion-clearfix\"><\/div>\n\n\t\t\t\t\t<\/div>\n\t\t\t\t<\/div><div  class=\"fusion-layout-column fusion_builder_column fusion_builder_column_1_2 fusion-builder-column-8 fusion-one-half fusion-column-last 1_2\"  style='margin-top:15px;margin-bottom:15px;width:48%'>\n\t\t\t\t\t<div class=\"fusion-column-wrapper\" style=\"padding: 0px 0px 0px 0px;background-position:left top;background-repeat:no-repeat;-webkit-background-size:cover;-moz-background-size:cover;-o-background-size:cover;background-size:cover;\"   data-bg-url=\"\">\n\t\t\t\t\t\t<div class=\"fusion-title title fusion-title-2 sep-underline sep-solid fusion-title-size-two\" style=\"border-bottom-color:#dbe2ea;margin-top:15px;margin-bottom:15px;\"><h2 class=\"title-heading-left\" style=\"margin:0;\">Tiago Bizarrello<\/h2><\/div><div class=\"fusion-text\"><\/div><div class=\"fusion-button-wrapper\"><style type=\"text\/css\">.fusion-button.button-2 .fusion-button-text, .fusion-button.button-2 i {color:#f7f8f8;}.fusion-button.button-2 .fusion-button-icon-divider{border-color:#f7f8f8;}.fusion-button.button-2:hover .fusion-button-text, .fusion-button.button-2:hover i,.fusion-button.button-2:focus .fusion-button-text, .fusion-button.button-2:focus i,.fusion-button.button-2:active .fusion-button-text, .fusion-button.button-2:active{color:#f7f8f8;}.fusion-button.button-2:hover .fusion-button-icon-divider, .fusion-button.button-2:hover .fusion-button-icon-divider, .fusion-button.button-2:active .fusion-button-icon-divider{border-color:#f7f8f8;}.fusion-button.button-2:hover, .fusion-button.button-2:focus, .fusion-button.button-2:active{border-color:#f7f8f8;}.fusion-button.button-2 {border-color:#f7f8f8;}.fusion-button.button-2{background: #30b460;}.fusion-button.button-2:hover,.button-2:focus,.fusion-button.button-2:active{background: #46bcbc;}<\/style><a class=\"fusion-button button-flat fusion-button-default-shape fusion-button-default-size button-custom button-2 fusion-button-default-span fusion-button-default-type\" target=\"_blank\" rel=\"noopener noreferrer\" href=\"https:\/\/api.whatsapp.com\/send?phone=5521997090837\"><i class=\"fa-whatsapp fab button-icon-left\"><\/i><span class=\"fusion-button-text\">AGENDE PELO WHATSAPP<\/span><\/a><\/div><div class=\"fusion-clearfix\"><\/div>\n\n\t\t\t\t\t<\/div>\n\t\t\t\t<\/div><\/div><\/div><\/p>\n","protected":false},"excerpt":{"rendered":"","protected":false},"author":1,"featured_media":0,"parent":0,"menu_order":0,"comment_status":"open","ping_status":"closed","template":"100-width.php","meta":{"footnotes":""},"class_list":["post-12960","page","type-page","status-publish","hentry"],"yoast_head":"<!-- This site is optimized with the Yoast SEO plugin v23.3 - https:\/\/yoast.com\/wordpress\/plugins\/seo\/ -->\n<title>Nutricionista - Olympus Cross | Box de Cross em Niter\u00f3i<\/title>\n<meta name=\"robots\" content=\"index, follow, max-snippet:-1, max-image-preview:large, max-video-preview:-1\" \/>\n<link rel=\"canonical\" href=\"https:\/\/olympuscf.com.br\/index.php\/nutricionista\/\" \/>\n<meta property=\"og:locale\" content=\"pt_BR\" \/>\n<meta property=\"og:type\" content=\"article\" \/>\n<meta property=\"og:title\" content=\"Nutricionista - Olympus Cross | Box de Cross em Niter\u00f3i\" \/>\n<meta property=\"og:url\" content=\"https:\/\/olympuscf.com.br\/index.php\/nutricionista\/\" \/>\n<meta property=\"og:site_name\" content=\"Olympus Cross | Box de Cross em Niter\u00f3i\" \/>\n<meta property=\"article:modified_time\" content=\"2022-02-24T21:08:49+00:00\" \/>\n<meta name=\"twitter:card\" content=\"summary_large_image\" \/>\n<meta name=\"twitter:label1\" content=\"Est. tempo de leitura\" \/>\n\t<meta name=\"twitter:data1\" content=\"9 minutos\" \/>\n<script type=\"application\/ld+json\" class=\"yoast-schema-graph\">{\"@context\":\"https:\/\/schema.org\",\"@graph\":[{\"@type\":\"WebPage\",\"@id\":\"https:\/\/olympuscf.com.br\/index.php\/nutricionista\/\",\"url\":\"https:\/\/olympuscf.com.br\/index.php\/nutricionista\/\",\"name\":\"Nutricionista - Olympus Cross | Box de Cross em Niter\u00f3i\",\"isPartOf\":{\"@id\":\"https:\/\/olympuscf.com.br\/#website\"},\"datePublished\":\"2019-09-10T02:45:21+00:00\",\"dateModified\":\"2022-02-24T21:08:49+00:00\",\"breadcrumb\":{\"@id\":\"https:\/\/olympuscf.com.br\/index.php\/nutricionista\/#breadcrumb\"},\"inLanguage\":\"pt-BR\",\"potentialAction\":[{\"@type\":\"ReadAction\",\"target\":[\"https:\/\/olympuscf.com.br\/index.php\/nutricionista\/\"]}]},{\"@type\":\"BreadcrumbList\",\"@id\":\"https:\/\/olympuscf.com.br\/index.php\/nutricionista\/#breadcrumb\",\"itemListElement\":[{\"@type\":\"ListItem\",\"position\":1,\"name\":\"Home\",\"item\":\"https:\/\/olympuscf.com.br\/\"},{\"@type\":\"ListItem\",\"position\":2,\"name\":\"Nutricionista\"}]},{\"@type\":\"WebSite\",\"@id\":\"https:\/\/olympuscf.com.br\/#website\",\"url\":\"https:\/\/olympuscf.com.br\/\",\"name\":\"Olympus Cross | Box de Cross em Niter\u00f3i\",\"description\":\"Olympus Cross | Box de Cross em Niter\u00f3i - RJOlympus CF\",\"potentialAction\":[{\"@type\":\"SearchAction\",\"target\":{\"@type\":\"EntryPoint\",\"urlTemplate\":\"https:\/\/olympuscf.com.br\/?s={search_term_string}\"},\"query-input\":\"required name=search_term_string\"}],\"inLanguage\":\"pt-BR\"}]}<\/script>\n<!-- \/ Yoast SEO plugin. -->","yoast_head_json":{"title":"Nutricionista - Olympus Cross | Box de Cross em Niter\u00f3i","robots":{"index":"index","follow":"follow","max-snippet":"max-snippet:-1","max-image-preview":"max-image-preview:large","max-video-preview":"max-video-preview:-1"},"canonical":"https:\/\/olympuscf.com.br\/index.php\/nutricionista\/","og_locale":"pt_BR","og_type":"article","og_title":"Nutricionista - Olympus Cross | Box de Cross em Niter\u00f3i","og_url":"https:\/\/olympuscf.com.br\/index.php\/nutricionista\/","og_site_name":"Olympus Cross | Box de Cross em Niter\u00f3i","article_modified_time":"2022-02-24T21:08:49+00:00","twitter_card":"summary_large_image","twitter_misc":{"Est. tempo de leitura":"9 minutos"},"schema":{"@context":"https:\/\/schema.org","@graph":[{"@type":"WebPage","@id":"https:\/\/olympuscf.com.br\/index.php\/nutricionista\/","url":"https:\/\/olympuscf.com.br\/index.php\/nutricionista\/","name":"Nutricionista - Olympus Cross | Box de Cross em Niter\u00f3i","isPartOf":{"@id":"https:\/\/olympuscf.com.br\/#website"},"datePublished":"2019-09-10T02:45:21+00:00","dateModified":"2022-02-24T21:08:49+00:00","breadcrumb":{"@id":"https:\/\/olympuscf.com.br\/index.php\/nutricionista\/#breadcrumb"},"inLanguage":"pt-BR","potentialAction":[{"@type":"ReadAction","target":["https:\/\/olympuscf.com.br\/index.php\/nutricionista\/"]}]},{"@type":"BreadcrumbList","@id":"https:\/\/olympuscf.com.br\/index.php\/nutricionista\/#breadcrumb","itemListElement":[{"@type":"ListItem","position":1,"name":"Home","item":"https:\/\/olympuscf.com.br\/"},{"@type":"ListItem","position":2,"name":"Nutricionista"}]},{"@type":"WebSite","@id":"https:\/\/olympuscf.com.br\/#website","url":"https:\/\/olympuscf.com.br\/","name":"Olympus Cross | Box de Cross em Niter\u00f3i","description":"Olympus Cross | Box de Cross em Niter\u00f3i - RJOlympus CF","potentialAction":[{"@type":"SearchAction","target":{"@type":"EntryPoint","urlTemplate":"https:\/\/olympuscf.com.br\/?s={search_term_string}"},"query-input":"required name=search_term_string"}],"inLanguage":"pt-BR"}]}},"_links":{"self":[{"href":"https:\/\/olympuscf.com.br\/index.php\/wp-json\/wp\/v2\/pages\/12960","targetHints":{"allow":["GET"]}}],"collection":[{"href":"https:\/\/olympuscf.com.br\/index.php\/wp-json\/wp\/v2\/pages"}],"about":[{"href":"https:\/\/olympuscf.com.br\/index.php\/wp-json\/wp\/v2\/types\/page"}],"author":[{"embeddable":true,"href":"https:\/\/olympuscf.com.br\/index.php\/wp-json\/wp\/v2\/users\/1"}],"replies":[{"embeddable":true,"href":"https:\/\/olympuscf.com.br\/index.php\/wp-json\/wp\/v2\/comments?post=12960"}],"version-history":[{"count":16,"href":"https:\/\/olympuscf.com.br\/index.php\/wp-json\/wp\/v2\/pages\/12960\/revisions"}],"predecessor-version":[{"id":28360,"href":"https:\/\/olympuscf.com.br\/index.php\/wp-json\/wp\/v2\/pages\/12960\/revisions\/28360"}],"wp:attachment":[{"href":"https:\/\/olympuscf.com.br\/index.php\/wp-json\/wp\/v2\/media?parent=12960"}],"curies":[{"name":"wp","href":"https:\/\/api.w.org\/{rel}","templated":true}]}}