{"id":12950,"date":"2019-09-09T23:36:37","date_gmt":"2019-09-10T02:36:37","guid":{"rendered":"http:\/\/olympuscf.com.br\/?page_id=12950"},"modified":"2019-10-24T11:29:06","modified_gmt":"2019-10-24T14:29:06","slug":"fisioterapia","status":"publish","type":"page","link":"https:\/\/olympuscf.com.br\/index.php\/fisioterapia\/","title":{"rendered":"Fisioterapia"},"content":{"rendered":"<p><div class=\"fusion-fullwidth fullwidth-box nonhundred-percent-fullwidth non-hundred-percent-height-scrolling\"  style='background-color: rgba(255,255,255,0);background-position: center center;background-repeat: no-repeat;padding-top:0px;padding-right:0px;padding-bottom:0px;padding-left:0px;'><div class=\"fusion-builder-row fusion-row \"><div  class=\"fusion-layout-column fusion_builder_column fusion_builder_column_1_1 fusion-builder-column-1 fusion-one-full fusion-column-first fusion-column-last fusion-column-no-min-height 1_1\"  style='margin-top:0px;margin-bottom:0px;'>\n\t\t\t\t\t<div class=\"fusion-column-wrapper\" style=\"padding: 0px 0px 0px 0px;background-position:left top;background-repeat:no-repeat;-webkit-background-size:cover;-moz-background-size:cover;-o-background-size:cover;background-size:cover;\"   data-bg-url=\"\">\n\t\t\t\t\t\t<style type='text\/css'>.reading-box-container-1 .element-bottomshadow:before,.reading-box-container-1 .element-bottomshadow:after{opacity:0.70;}<\/style><div class=\"fusion-reading-box-container reading-box-container-1\" style=\"margin-top:34px;margin-bottom:84px;\"><div class=\"reading-box\" style=\"background-color:#ffffff;border-width:0px;border-color:#dbe2ea;border-style:solid;\"><h2>Fisioterapia<\/h2><div class=\"reading-box-description fusion-reading-box-additional\">Nos \u00faltimos anos a fisioterapia desportiva vem ganhando cada vez mais import\u00e2ncia e as pessoas que praticam algum tipo de atividade f\u00edsica, est\u00e3o buscando cada vez mais, acompanhamento com um fisioterapeuta especializado na \u00e1rea.\n\nO corpo de um atleta \u2013 profissional ou amador \u2013 \u00e9 diferente do corpo de uma pessoa sedent\u00e1ria, e exige cuidados espec\u00edficos.\n\nO fisioterapeuta esportivo conhece al\u00e9m da anatomia, a fisiologia aplicada \u00e0s les\u00f5es que surgem em cada esporte, em geral, originadas pela repeti\u00e7\u00e3o exaustiva de movimentos. Na Olympus temos o profissional Leonardo Nunes que com muita seriedade cuida dos nossos guerreiros.<\/div><div class=\"fusion-clearfix\"><\/div><\/div><\/div><div class=\"fusion-clearfix\"><\/div>\n\n\t\t\t\t\t<\/div>\n\t\t\t\t<\/div><div  class=\"fusion-layout-column fusion_builder_column fusion_builder_column_1_1 fusion-builder-column-2 fusion-one-full fusion-column-first fusion-column-last fusion-column-no-min-height 1_1\"  style='margin-top:0px;margin-bottom:0px;'>\n\t\t\t\t\t<div class=\"fusion-column-wrapper\" style=\"padding: 0px 0px 0px 0px;background-position:left top;background-repeat:no-repeat;-webkit-background-size:cover;-moz-background-size:cover;-o-background-size:cover;background-size:cover;\"   data-bg-url=\"\">\n\t\t\t\t\t\t<div class=\"fusion-sep-clear\"><\/div><div class=\"fusion-separator fusion-full-width-sep sep-none\" style=\"margin-left: auto;margin-right: auto;margin-top:35px;\"><\/div><div class=\"fusion-clearfix\"><\/div>\n\n\t\t\t\t\t<\/div>\n\t\t\t\t<\/div><\/div><\/div><div class=\"fusion-fullwidth fullwidth-box nonhundred-percent-fullwidth non-hundred-percent-height-scrolling\"  style='background-color: #f7f7f7;background-position: center center;background-repeat: no-repeat;padding-top:0px;padding-right:0px;padding-bottom:0px;padding-left:0px;margin-bottom: 0px;margin-top: 0px;'><div class=\"fusion-builder-row fusion-row \"><div  class=\"fusion-layout-column fusion_builder_column fusion_builder_column_1_2 fusion-builder-column-3 fusion-one-half fusion-column-first 1_2\"  style='margin-top:15px;margin-bottom:15px;width:48%; margin-right: 4%;'>\n\t\t\t\t\t<div class=\"fusion-column-wrapper\" style=\"padding: 0px 0px 0px 0px;background-position:left top;background-repeat:no-repeat;-webkit-background-size:cover;-moz-background-size:cover;-o-background-size:cover;background-size:cover;\"   data-bg-url=\"\">\n\t\t\t\t\t\t<div class=\"fusion-sep-clear\"><\/div><div class=\"fusion-separator fusion-full-width-sep sep-none\" style=\"margin-left: auto;margin-right: auto;margin-top:12%;\"><\/div><div class=\"imageframe-align-center\"><span class=\"fusion-imageframe imageframe-none imageframe-1 hover-type-none\"><img loading=\"lazy\" decoding=\"async\" src=\"http:\/\/olympuscf.com.br\/wp-content\/uploads\/2019\/09\/Fisio_foto.png\" width=\"309\" height=\"388\" alt=\"\" title=\"Fisio_foto\" class=\"img-responsive wp-image-13689\" srcset=\"https:\/\/olympuscf.com.br\/wp-content\/uploads\/2019\/09\/Fisio_foto-200x251.png 200w, https:\/\/olympuscf.com.br\/wp-content\/uploads\/2019\/09\/Fisio_foto.png 309w\" sizes=\"auto, (max-width: 800px) 100vw, 309px\" \/><\/span><\/div><div class=\"fusion-clearfix\"><\/div>\n\n\t\t\t\t\t<\/div>\n\t\t\t\t<\/div><div  class=\"fusion-layout-column fusion_builder_column fusion_builder_column_2_5 fusion-builder-column-4 fusion-two-fifth 2_5\"  style='margin-top:0px;margin-bottom:0px;width:37.6%; margin-right: 4%;'>\n\t\t\t\t\t<div class=\"fusion-column-wrapper\" style=\"padding: 0px 0px 0px 0px;background-position:left top;background-repeat:no-repeat;-webkit-background-size:cover;-moz-background-size:cover;-o-background-size:cover;background-size:cover;\"   data-bg-url=\"\">\n\t\t\t\t\t\t<div class=\"fusion-sep-clear\"><\/div><div class=\"fusion-separator fusion-full-width-sep sep-none\" style=\"margin-left: auto;margin-right: auto;margin-top:10%;margin-bottom:0px;\"><\/div><div class=\"fusion-title title fusion-title-1 sep-underline sep-solid fusion-title-size-two\" style=\"border-bottom-color:#dbe2ea;margin-top:15px;margin-bottom:15px;\"><h2 class=\"title-heading-left\" style=\"margin:0;\">Leonardo Nunes<\/h2><\/div><div class=\"fusion-text\"><p>CREFITO 2: 104839-F<\/p>\n<p>Forma\u00e7\u00e3o:<br \/>\nGraduado pela UNESA (Universidade Est\u00e1cio de S\u00e1), em 2004.<\/p>\n<p>Especialidade:<br \/>\n\u2022 Quiropraxista -instituto Andr\u00e9 Santos de Quiropraxia.<\/p>\n<p>\u2022 Traumato-ortopedica \/ Desportiva<\/p>\n<\/div><div class=\"fusion-sep-clear\"><\/div><div class=\"fusion-separator fusion-full-width-sep sep-single sep-solid\" style=\"border-color:#dbe2ea;border-top-width:1px;margin-left: auto;margin-right: auto;margin-top:;margin-bottom:20px;\"><\/div><div class=\"fusion-button-wrapper fusion-align-block\"><style type=\"text\/css\">.fusion-button.button-1 .fusion-button-text, .fusion-button.button-1 i {color:#f7f8f8;}.fusion-button.button-1 .fusion-button-icon-divider{border-color:#f7f8f8;}.fusion-button.button-1:hover .fusion-button-text, .fusion-button.button-1:hover i,.fusion-button.button-1:focus .fusion-button-text, .fusion-button.button-1:focus i,.fusion-button.button-1:active .fusion-button-text, .fusion-button.button-1:active{color:#f7f8f8;}.fusion-button.button-1:hover .fusion-button-icon-divider, .fusion-button.button-1:hover .fusion-button-icon-divider, .fusion-button.button-1:active .fusion-button-icon-divider{border-color:#f7f8f8;}.fusion-button.button-1:hover, .fusion-button.button-1:focus, .fusion-button.button-1:active{border-color:#f7f8f8;border-width:0px;}.fusion-button.button-1 {border-color:#f7f8f8;border-width:0px;}.fusion-button.button-1{background: #30b460;}.fusion-button.button-1:hover,.button-1:focus,.fusion-button.button-1:active{background: #46bcbc;}.fusion-button.button-1 .fusion-button-text {text-transform:none;}<\/style><a class=\"fusion-button button-flat fusion-button-square button-xlarge button-custom button-1 fusion-button-span-yes \" target=\"_blank\" rel=\"noopener noreferrer\" href=\"https:\/\/api.whatsapp.com\/send?phone=5521972765026\"><i class=\"fa-whatsapp fab button-icon-left\"><\/i><span class=\"fusion-button-text\">AGENDE PELO WHATSAPP<\/span><\/a><\/div><div class=\"fusion-clearfix\"><\/div>\n\n\t\t\t\t\t<\/div>\n\t\t\t\t<\/div><\/div><\/div><div class=\"fusion-fullwidth fullwidth-box nonhundred-percent-fullwidth non-hundred-percent-height-scrolling\"  style='background-color: rgba(255,255,255,0);background-position: center center;background-repeat: no-repeat;padding-top:0px;padding-right:0px;padding-bottom:0px;padding-left:0px;margin-bottom: 10px;margin-top: 20px;'><div class=\"fusion-builder-row fusion-row \"><div  class=\"fusion-layout-column fusion_builder_column fusion_builder_column_1_1 fusion-builder-column-5 fusion-one-full fusion-column-first fusion-column-last 1_1\"  style='margin-top:15px;margin-bottom:15px;'>\n\t\t\t\t\t<div class=\"fusion-column-wrapper\" style=\"padding: 0px 0px 0px 0px;background-position:left top;background-repeat:no-repeat;-webkit-background-size:cover;-moz-background-size:cover;-o-background-size:cover;background-size:cover;\"   data-bg-url=\"\">\n\t\t\t\t\t\t<style type=\"text\/css\">.fusion-gallery-1 .fusion-gallery-image {border:0px solid #f6f6f6;}<\/style><div class=\"fusion-gallery fusion-gallery-container fusion-grid-3 fusion-columns-total-0 fusion-gallery-layout-grid fusion-gallery-1\" style=\"margin:-5px;\"><div style=\"padding:5px;\" class=\"fusion-grid-column fusion-gallery-column fusion-gallery-column-3 hover-type-none\"><div class=\"fusion-gallery-image\"><a href=\"https:\/\/olympuscf.com.br\/wp-content\/uploads\/2019\/09\/Fisio_atividade_02.jpg\" data-rel=\"iLightbox[gallery_image_1]\" class=\"fusion-lightbox\" target=\"_self\"><img loading=\"lazy\" decoding=\"async\" src=\"https:\/\/olympuscf.com.br\/wp-content\/uploads\/2019\/09\/Fisio_atividade_02-400x401.jpg\" width=\"720\" height=\"722\" alt=\"\" title=\"Fisio_atividade_02\" aria-label=\"Fisio_atividade_02\" class=\"img-responsive wp-image-13694\" srcset=\"https:\/\/olympuscf.com.br\/wp-content\/uploads\/2019\/09\/Fisio_atividade_02-200x201.jpg 200w, https:\/\/olympuscf.com.br\/wp-content\/uploads\/2019\/09\/Fisio_atividade_02-400x401.jpg 400w, https:\/\/olympuscf.com.br\/wp-content\/uploads\/2019\/09\/Fisio_atividade_02-600x602.jpg 600w, https:\/\/olympuscf.com.br\/wp-content\/uploads\/2019\/09\/Fisio_atividade_02.jpg 720w\" sizes=\"auto, (min-width: 2200px) 100vw, (min-width: 824px) 387px, (min-width: 732px) 580px, (min-width: 640px) 732px, \" \/><\/a><\/div><\/div><div style=\"padding:5px;\" class=\"fusion-grid-column fusion-gallery-column fusion-gallery-column-3 hover-type-none\"><div class=\"fusion-gallery-image\"><a href=\"https:\/\/olympuscf.com.br\/wp-content\/uploads\/2019\/09\/Fisio_atividade_03.jpg\" data-rel=\"iLightbox[gallery_image_1]\" class=\"fusion-lightbox\" target=\"_self\"><img loading=\"lazy\" decoding=\"async\" src=\"https:\/\/olympuscf.com.br\/wp-content\/uploads\/2019\/09\/Fisio_atividade_03-400x401.jpg\" width=\"720\" height=\"722\" alt=\"\" title=\"Fisio_atividade_03\" aria-label=\"Fisio_atividade_03\" class=\"img-responsive wp-image-13696\" srcset=\"https:\/\/olympuscf.com.br\/wp-content\/uploads\/2019\/09\/Fisio_atividade_03-200x201.jpg 200w, https:\/\/olympuscf.com.br\/wp-content\/uploads\/2019\/09\/Fisio_atividade_03-400x401.jpg 400w, https:\/\/olympuscf.com.br\/wp-content\/uploads\/2019\/09\/Fisio_atividade_03-600x602.jpg 600w, https:\/\/olympuscf.com.br\/wp-content\/uploads\/2019\/09\/Fisio_atividade_03.jpg 720w\" sizes=\"auto, (min-width: 2200px) 100vw, (min-width: 824px) 387px, (min-width: 732px) 580px, (min-width: 640px) 732px, \" \/><\/a><\/div><\/div><div style=\"padding:5px;\" class=\"fusion-grid-column fusion-gallery-column fusion-gallery-column-3 hover-type-none\"><div class=\"fusion-gallery-image\"><a href=\"https:\/\/olympuscf.com.br\/wp-content\/uploads\/2019\/09\/Fisio_atividade_01-1.jpg\" data-rel=\"iLightbox[gallery_image_1]\" class=\"fusion-lightbox\" target=\"_self\"><img loading=\"lazy\" decoding=\"async\" src=\"https:\/\/olympuscf.com.br\/wp-content\/uploads\/2019\/09\/Fisio_atividade_01-1-400x401.jpg\" width=\"720\" height=\"722\" alt=\"\" title=\"Fisio_atividade_01\" aria-label=\"Fisio_atividade_01\" class=\"img-responsive wp-image-13702\" srcset=\"https:\/\/olympuscf.com.br\/wp-content\/uploads\/2019\/09\/Fisio_atividade_01-1-200x201.jpg 200w, https:\/\/olympuscf.com.br\/wp-content\/uploads\/2019\/09\/Fisio_atividade_01-1-400x401.jpg 400w, https:\/\/olympuscf.com.br\/wp-content\/uploads\/2019\/09\/Fisio_atividade_01-1-600x602.jpg 600w, https:\/\/olympuscf.com.br\/wp-content\/uploads\/2019\/09\/Fisio_atividade_01-1.jpg 720w\" sizes=\"auto, (min-width: 2200px) 100vw, (min-width: 824px) 387px, (min-width: 732px) 580px, (min-width: 640px) 732px, \" \/><\/a><\/div><\/div><div class=\"clearfix\"><\/div><\/div><div class=\"fusion-clearfix\"><\/div>\n\n\t\t\t\t\t<\/div>\n\t\t\t\t<\/div><\/div><\/div><\/p>\n","protected":false},"excerpt":{"rendered":"","protected":false},"author":1,"featured_media":0,"parent":0,"menu_order":0,"comment_status":"open","ping_status":"closed","template":"100-width.php","meta":{"footnotes":""},"class_list":["post-12950","page","type-page","status-publish","hentry"],"yoast_head":"<!-- This site is optimized with the Yoast SEO plugin v23.3 - https:\/\/yoast.com\/wordpress\/plugins\/seo\/ -->\n<title>Fisioterapia - Olympus Cross | Box de Cross em Niter\u00f3i<\/title>\n<meta name=\"robots\" content=\"index, follow, max-snippet:-1, max-image-preview:large, max-video-preview:-1\" \/>\n<link rel=\"canonical\" href=\"https:\/\/olympuscf.com.br\/index.php\/fisioterapia\/\" \/>\n<meta property=\"og:locale\" content=\"pt_BR\" \/>\n<meta property=\"og:type\" content=\"article\" \/>\n<meta property=\"og:title\" content=\"Fisioterapia - Olympus Cross | Box de Cross em Niter\u00f3i\" \/>\n<meta property=\"og:url\" content=\"https:\/\/olympuscf.com.br\/index.php\/fisioterapia\/\" \/>\n<meta property=\"og:site_name\" content=\"Olympus Cross | Box de Cross em Niter\u00f3i\" \/>\n<meta property=\"article:modified_time\" content=\"2019-10-24T14:29:06+00:00\" \/>\n<meta name=\"twitter:card\" content=\"summary_large_image\" \/>\n<meta name=\"twitter:label1\" content=\"Est. tempo de leitura\" \/>\n\t<meta name=\"twitter:data1\" content=\"6 minutos\" \/>\n<script type=\"application\/ld+json\" class=\"yoast-schema-graph\">{\"@context\":\"https:\/\/schema.org\",\"@graph\":[{\"@type\":\"WebPage\",\"@id\":\"https:\/\/olympuscf.com.br\/index.php\/fisioterapia\/\",\"url\":\"https:\/\/olympuscf.com.br\/index.php\/fisioterapia\/\",\"name\":\"Fisioterapia - Olympus Cross | Box de Cross em Niter\u00f3i\",\"isPartOf\":{\"@id\":\"https:\/\/olympuscf.com.br\/#website\"},\"datePublished\":\"2019-09-10T02:36:37+00:00\",\"dateModified\":\"2019-10-24T14:29:06+00:00\",\"breadcrumb\":{\"@id\":\"https:\/\/olympuscf.com.br\/index.php\/fisioterapia\/#breadcrumb\"},\"inLanguage\":\"pt-BR\",\"potentialAction\":[{\"@type\":\"ReadAction\",\"target\":[\"https:\/\/olympuscf.com.br\/index.php\/fisioterapia\/\"]}]},{\"@type\":\"BreadcrumbList\",\"@id\":\"https:\/\/olympuscf.com.br\/index.php\/fisioterapia\/#breadcrumb\",\"itemListElement\":[{\"@type\":\"ListItem\",\"position\":1,\"name\":\"Home\",\"item\":\"https:\/\/olympuscf.com.br\/\"},{\"@type\":\"ListItem\",\"position\":2,\"name\":\"Fisioterapia\"}]},{\"@type\":\"WebSite\",\"@id\":\"https:\/\/olympuscf.com.br\/#website\",\"url\":\"https:\/\/olympuscf.com.br\/\",\"name\":\"Olympus Cross | Box de Cross em Niter\u00f3i\",\"description\":\"Olympus Cross | Box de Cross em Niter\u00f3i - RJOlympus CF\",\"potentialAction\":[{\"@type\":\"SearchAction\",\"target\":{\"@type\":\"EntryPoint\",\"urlTemplate\":\"https:\/\/olympuscf.com.br\/?s={search_term_string}\"},\"query-input\":\"required name=search_term_string\"}],\"inLanguage\":\"pt-BR\"}]}<\/script>\n<!-- \/ Yoast SEO plugin. -->","yoast_head_json":{"title":"Fisioterapia - Olympus Cross | Box de Cross em Niter\u00f3i","robots":{"index":"index","follow":"follow","max-snippet":"max-snippet:-1","max-image-preview":"max-image-preview:large","max-video-preview":"max-video-preview:-1"},"canonical":"https:\/\/olympuscf.com.br\/index.php\/fisioterapia\/","og_locale":"pt_BR","og_type":"article","og_title":"Fisioterapia - Olympus Cross | Box de Cross em Niter\u00f3i","og_url":"https:\/\/olympuscf.com.br\/index.php\/fisioterapia\/","og_site_name":"Olympus Cross | Box de Cross em Niter\u00f3i","article_modified_time":"2019-10-24T14:29:06+00:00","twitter_card":"summary_large_image","twitter_misc":{"Est. tempo de leitura":"6 minutos"},"schema":{"@context":"https:\/\/schema.org","@graph":[{"@type":"WebPage","@id":"https:\/\/olympuscf.com.br\/index.php\/fisioterapia\/","url":"https:\/\/olympuscf.com.br\/index.php\/fisioterapia\/","name":"Fisioterapia - Olympus Cross | Box de Cross em Niter\u00f3i","isPartOf":{"@id":"https:\/\/olympuscf.com.br\/#website"},"datePublished":"2019-09-10T02:36:37+00:00","dateModified":"2019-10-24T14:29:06+00:00","breadcrumb":{"@id":"https:\/\/olympuscf.com.br\/index.php\/fisioterapia\/#breadcrumb"},"inLanguage":"pt-BR","potentialAction":[{"@type":"ReadAction","target":["https:\/\/olympuscf.com.br\/index.php\/fisioterapia\/"]}]},{"@type":"BreadcrumbList","@id":"https:\/\/olympuscf.com.br\/index.php\/fisioterapia\/#breadcrumb","itemListElement":[{"@type":"ListItem","position":1,"name":"Home","item":"https:\/\/olympuscf.com.br\/"},{"@type":"ListItem","position":2,"name":"Fisioterapia"}]},{"@type":"WebSite","@id":"https:\/\/olympuscf.com.br\/#website","url":"https:\/\/olympuscf.com.br\/","name":"Olympus Cross | Box de Cross em Niter\u00f3i","description":"Olympus Cross | Box de Cross em Niter\u00f3i - RJOlympus CF","potentialAction":[{"@type":"SearchAction","target":{"@type":"EntryPoint","urlTemplate":"https:\/\/olympuscf.com.br\/?s={search_term_string}"},"query-input":"required name=search_term_string"}],"inLanguage":"pt-BR"}]}},"_links":{"self":[{"href":"https:\/\/olympuscf.com.br\/index.php\/wp-json\/wp\/v2\/pages\/12950","targetHints":{"allow":["GET"]}}],"collection":[{"href":"https:\/\/olympuscf.com.br\/index.php\/wp-json\/wp\/v2\/pages"}],"about":[{"href":"https:\/\/olympuscf.com.br\/index.php\/wp-json\/wp\/v2\/types\/page"}],"author":[{"embeddable":true,"href":"https:\/\/olympuscf.com.br\/index.php\/wp-json\/wp\/v2\/users\/1"}],"replies":[{"embeddable":true,"href":"https:\/\/olympuscf.com.br\/index.php\/wp-json\/wp\/v2\/comments?post=12950"}],"version-history":[{"count":43,"href":"https:\/\/olympuscf.com.br\/index.php\/wp-json\/wp\/v2\/pages\/12950\/revisions"}],"predecessor-version":[{"id":14489,"href":"https:\/\/olympuscf.com.br\/index.php\/wp-json\/wp\/v2\/pages\/12950\/revisions\/14489"}],"wp:attachment":[{"href":"https:\/\/olympuscf.com.br\/index.php\/wp-json\/wp\/v2\/media?parent=12950"}],"curies":[{"name":"wp","href":"https:\/\/api.w.org\/{rel}","templated":true}]}}